{"id":2035,"date":"2025-09-30T11:44:56","date_gmt":"2025-09-30T09:44:56","guid":{"rendered":"https:\/\/cypautomotive.com\/phytosanitary-clearance-of-machinery\/"},"modified":"2026-01-14T10:23:52","modified_gmt":"2026-01-14T09:23:52","slug":"fytosanitaire-goedkeuring-van-machines","status":"publish","type":"page","link":"https:\/\/cypautomotive.com\/nl\/fytosanitaire-goedkeuring-van-machines\/","title":{"rendered":"Fytosanitaire goedkeuring van machines"},"content":{"rendered":"\t\t<div data-elementor-type=\"wp-page\" data-elementor-id=\"2035\" class=\"elementor elementor-2035 elementor-1823\" data-elementor-post-type=\"page\">\n\t\t\t\t<div class=\"elementor-element elementor-element-38634ffb e-flex e-con-boxed e-con e-parent\" data-id=\"38634ffb\" data-element_type=\"container\" data-e-type=\"container\" data-settings=\"{&quot;background_background&quot;:&quot;gradient&quot;,&quot;jet_parallax_layout_list&quot;:[]}\">\n\t\t\t\t\t<div class=\"e-con-inner\">\n\t\t<div class=\"elementor-element elementor-element-41130f05 e-con-full e-flex e-con e-child\" data-id=\"41130f05\" data-element_type=\"container\" data-e-type=\"container\" data-settings=\"{&quot;jet_parallax_layout_list&quot;:[]}\">\n\t\t\t\t<div class=\"elementor-element elementor-element-8ff8404 elementor-widget elementor-widget-heading\" data-id=\"8ff8404\" data-element_type=\"widget\" data-e-type=\"widget\" data-widget_type=\"heading.default\">\n\t\t\t\t<div class=\"elementor-widget-container\">\n\t\t\t\t\t<h1 class=\"elementor-heading-title elementor-size-default\">Fytosanitaire goedkeuring van machines<\/h1>\t\t\t\t<\/div>\n\t\t\t\t<\/div>\n\t\t\t\t<div class=\"elementor-element elementor-element-45fc2e4c elementor-widget elementor-widget-text-editor\" data-id=\"45fc2e4c\" data-element_type=\"widget\" data-e-type=\"widget\" data-widget_type=\"text-editor.default\">\n\t\t\t\t<div class=\"elementor-widget-container\">\n\t\t\t\t\t\t\t\t\t<p align=\"justify\">Bij Cyp Automotive Consultancy zijn wij gespecialiseerd in het ondersteunen van klanten bij alle aspecten van internationale en Europese voertuiglogistiek. Een van onze belangrijkste dienstverleningsgebieden is <strong>de fytosanitaire inklaring van machines<\/strong>, in combinatie met zeer effici\u00ebnte <a href=\"https:\/\/cypautomotive.com\/customs-and-documentation\/\"><strong>douane-<\/strong><\/a>inklaringsprocessen. Nu de regelgeving in heel Europa steeds strenger wordt, is het van cruciaal belang om een <strong>fytosanitair certificaat<\/strong> te verkrijgen en ervoor te zorgen dat alle douaneformaliteiten correct worden afgehandeld om kostbare vertragingen of het risico van weigering aan de grens te voorkomen.<\/p>\t\t\t\t\t\t\t\t<\/div>\n\t\t\t\t<\/div>\n\t\t\t\t<div class=\"elementor-element elementor-element-4a907a96 elementor-widget elementor-widget-button\" data-id=\"4a907a96\" data-element_type=\"widget\" data-e-type=\"widget\" data-widget_type=\"button.default\">\n\t\t\t\t<div class=\"elementor-widget-container\">\n\t\t\t\t\t\t\t\t\t<div class=\"elementor-button-wrapper\">\n\t\t\t\t\t<a class=\"elementor-button elementor-button-link elementor-size-sm elementor-animation-shrink\" href=\"\/nl\/ontvang-een-offerte\/\">\n\t\t\t\t\t\t<span class=\"elementor-button-content-wrapper\">\n\t\t\t\t\t\t\t\t\t<span class=\"elementor-button-text\">Ontvang een offerte<\/span>\n\t\t\t\t\t<\/span>\n\t\t\t\t\t<\/a>\n\t\t\t\t<\/div>\n\t\t\t\t\t\t\t\t<\/div>\n\t\t\t\t<\/div>\n\t\t\t\t<\/div>\n\t\t<div class=\"elementor-element elementor-element-3d5f74be e-con-full e-flex e-con e-child\" data-id=\"3d5f74be\" data-element_type=\"container\" data-e-type=\"container\" data-settings=\"{&quot;jet_parallax_layout_list&quot;:[]}\">\n\t\t\t\t<div class=\"elementor-element elementor-element-5214969e elementor-invisible elementor-widget elementor-widget-image\" data-id=\"5214969e\" data-element_type=\"widget\" data-e-type=\"widget\" data-settings=\"{&quot;_animation&quot;:&quot;fadeInRight&quot;}\" data-widget_type=\"image.default\">\n\t\t\t\t<div class=\"elementor-widget-container\">\n\t\t\t\t\t\t\t\t\t\t\t\t\t\t\t<img fetchpriority=\"high\" decoding=\"async\" width=\"1892\" height=\"1206\" src=\"https:\/\/cypautomotive.com\/wp-content\/uploads\/2023\/10\/porsche-los-4.png\" class=\"attachment-full size-full wp-image-2066\" alt=\"\" srcset=\"https:\/\/cypautomotive.com\/wp-content\/uploads\/2023\/10\/porsche-los-4.png 1892w, https:\/\/cypautomotive.com\/wp-content\/uploads\/2023\/10\/porsche-los-4-300x191.png 300w, https:\/\/cypautomotive.com\/wp-content\/uploads\/2023\/10\/porsche-los-4-1024x653.png 1024w, https:\/\/cypautomotive.com\/wp-content\/uploads\/2023\/10\/porsche-los-4-768x490.png 768w, https:\/\/cypautomotive.com\/wp-content\/uploads\/2023\/10\/porsche-los-4-1536x979.png 1536w, https:\/\/cypautomotive.com\/wp-content\/uploads\/2023\/10\/porsche-los-4-600x382.png 600w\" sizes=\"(max-width: 1892px) 100vw, 1892px\" \/>\t\t\t\t\t\t\t\t\t\t\t\t\t\t\t<\/div>\n\t\t\t\t<\/div>\n\t\t\t\t<\/div>\n\t\t\t\t\t<\/div>\n\t\t\t\t<\/div>\n\t\t<div class=\"elementor-element elementor-element-65ba54a7 e-flex e-con-boxed e-con e-parent\" data-id=\"65ba54a7\" data-element_type=\"container\" data-e-type=\"container\" data-settings=\"{&quot;jet_parallax_layout_list&quot;:[]}\">\n\t\t\t\t\t<div class=\"e-con-inner\">\n\t\t\t\t<div class=\"elementor-element elementor-element-10b8ed2d elementor-widget elementor-widget-heading\" data-id=\"10b8ed2d\" data-element_type=\"widget\" data-e-type=\"widget\" data-widget_type=\"heading.default\">\n\t\t\t\t<div class=\"elementor-widget-container\">\n\t\t\t\t\t<h2 class=\"elementor-heading-title elementor-size-default\">De fytosanitaire goedkeuring van machines<\/h2>\t\t\t\t<\/div>\n\t\t\t\t<\/div>\n\t\t\t\t<div class=\"elementor-element elementor-element-2db854e8 elementor-widget__width-initial elementor-widget elementor-widget-text-editor\" data-id=\"2db854e8\" data-element_type=\"widget\" data-e-type=\"widget\" data-widget_type=\"text-editor.default\">\n\t\t\t\t<div class=\"elementor-widget-container\">\n\t\t\t\t\t\t\t\t\t<p align=\"justify\"><span style=\"font-size: large;\"><span style=\"font-size: medium;\">Voor de <\/span><strong><span style=\"font-size: medium;\">fytosanitaire goedkeuring van machines <\/span><\/strong><span style=\"font-size: medium;\">verloopt het proces in verschillende zorgvuldig gereguleerde fasen:<\/span><\/span><\/p>\t\t\t\t\t\t\t\t<\/div>\n\t\t\t\t<\/div>\n\t\t\t\t\t<\/div>\n\t\t\t\t<\/div>\n\t\t<div class=\"elementor-element elementor-element-7b8a5823 e-flex e-con-boxed e-con e-parent\" data-id=\"7b8a5823\" data-element_type=\"container\" data-e-type=\"container\" data-settings=\"{&quot;jet_parallax_layout_list&quot;:[]}\">\n\t\t\t\t\t<div class=\"e-con-inner\">\n\t\t<div class=\"elementor-element elementor-element-6c727423 e-grid e-con-boxed e-con e-child\" data-id=\"6c727423\" data-element_type=\"container\" data-e-type=\"container\" data-settings=\"{&quot;jet_parallax_layout_list&quot;:[]}\">\n\t\t\t\t\t<div class=\"e-con-inner\">\n\t\t<div class=\"elementor-element elementor-element-71ab6bdd e-transform e-flex e-con-boxed elementor-invisible e-con e-child\" data-id=\"71ab6bdd\" data-element_type=\"container\" data-e-type=\"container\" data-settings=\"{&quot;jet_parallax_layout_list&quot;:[],&quot;animation&quot;:&quot;fadeInUp&quot;,&quot;_transform_scale_effect_hover&quot;:{&quot;unit&quot;:&quot;px&quot;,&quot;size&quot;:0.95,&quot;sizes&quot;:[]},&quot;_transform_scale_effect_hover_tablet&quot;:{&quot;unit&quot;:&quot;px&quot;,&quot;size&quot;:&quot;&quot;,&quot;sizes&quot;:[]},&quot;_transform_scale_effect_hover_mobile&quot;:{&quot;unit&quot;:&quot;px&quot;,&quot;size&quot;:&quot;&quot;,&quot;sizes&quot;:[]}}\">\n\t\t\t\t\t<div class=\"e-con-inner\">\n\t\t\t\t<div class=\"elementor-element elementor-element-2d828687 elementor-widget elementor-widget-heading\" data-id=\"2d828687\" data-element_type=\"widget\" data-e-type=\"widget\" data-widget_type=\"heading.default\">\n\t\t\t\t<div class=\"elementor-widget-container\">\n\t\t\t\t\t<h2 class=\"elementor-heading-title elementor-size-default\">1. Voorbereiding v\u00f3\u00f3r export<\/h2>\t\t\t\t<\/div>\n\t\t\t\t<\/div>\n\t\t\t\t<div class=\"elementor-element elementor-element-488d441a elementor-widget elementor-widget-text-editor\" data-id=\"488d441a\" data-element_type=\"widget\" data-e-type=\"widget\" data-widget_type=\"text-editor.default\">\n\t\t\t\t<div class=\"elementor-widget-container\">\n\t\t\t\t\t\t\t\t\t<p align=\"justify\"><span style=\"font-size: large;\"><span style=\"font-size: medium;\">Machines moeten zorgvuldig worden gereinigd en, indien aangegeven, in onderdelen worden gedemonteerd voor grondig onderzoek. Alle vuil, plantenresten en sporen van landbouwmateriaal moeten worden verwijderd.<\/span><\/span><\/p>\t\t\t\t\t\t\t\t<\/div>\n\t\t\t\t<\/div>\n\t\t\t\t\t<\/div>\n\t\t\t\t<\/div>\n\t\t<div class=\"elementor-element elementor-element-51ef9164 e-transform e-flex e-con-boxed elementor-invisible e-con e-child\" data-id=\"51ef9164\" data-element_type=\"container\" data-e-type=\"container\" data-settings=\"{&quot;jet_parallax_layout_list&quot;:[],&quot;animation&quot;:&quot;fadeInUp&quot;,&quot;animation_delay&quot;:200,&quot;_transform_scale_effect_hover&quot;:{&quot;unit&quot;:&quot;px&quot;,&quot;size&quot;:0.95,&quot;sizes&quot;:[]},&quot;_transform_scale_effect_hover_tablet&quot;:{&quot;unit&quot;:&quot;px&quot;,&quot;size&quot;:&quot;&quot;,&quot;sizes&quot;:[]},&quot;_transform_scale_effect_hover_mobile&quot;:{&quot;unit&quot;:&quot;px&quot;,&quot;size&quot;:&quot;&quot;,&quot;sizes&quot;:[]}}\">\n\t\t\t\t\t<div class=\"e-con-inner\">\n\t\t\t\t<div class=\"elementor-element elementor-element-cc2d4f5 elementor-widget elementor-widget-heading\" data-id=\"cc2d4f5\" data-element_type=\"widget\" data-e-type=\"widget\" data-widget_type=\"heading.default\">\n\t\t\t\t<div class=\"elementor-widget-container\">\n\t\t\t\t\t<h2 class=\"elementor-heading-title elementor-size-default\">2. Offici\u00eble inspectie<\/h2>\t\t\t\t<\/div>\n\t\t\t\t<\/div>\n\t\t\t\t<div class=\"elementor-element elementor-element-13d6dfe8 elementor-widget elementor-widget-text-editor\" data-id=\"13d6dfe8\" data-element_type=\"widget\" data-e-type=\"widget\" data-widget_type=\"text-editor.default\">\n\t\t\t\t<div class=\"elementor-widget-container\">\n\t\t\t\t\t\t\t\t\t<p align=\"justify\"><span style=\"font-size: large;\"><span style=\"font-size: medium;\">Een erkende inspecteur beoordeelt de apparatuur op restverontreiniging en inspecteert deze op verborgen ongedierte.<\/span><\/span><\/p>\t\t\t\t\t\t\t\t<\/div>\n\t\t\t\t<\/div>\n\t\t\t\t\t<\/div>\n\t\t\t\t<\/div>\n\t\t<div class=\"elementor-element elementor-element-6fe88fe5 e-transform e-flex e-con-boxed elementor-invisible e-con e-child\" data-id=\"6fe88fe5\" data-element_type=\"container\" data-e-type=\"container\" data-settings=\"{&quot;jet_parallax_layout_list&quot;:[],&quot;animation&quot;:&quot;fadeInUp&quot;,&quot;animation_delay&quot;:400,&quot;_transform_scale_effect_hover&quot;:{&quot;unit&quot;:&quot;px&quot;,&quot;size&quot;:0.95,&quot;sizes&quot;:[]},&quot;_transform_scale_effect_hover_tablet&quot;:{&quot;unit&quot;:&quot;px&quot;,&quot;size&quot;:&quot;&quot;,&quot;sizes&quot;:[]},&quot;_transform_scale_effect_hover_mobile&quot;:{&quot;unit&quot;:&quot;px&quot;,&quot;size&quot;:&quot;&quot;,&quot;sizes&quot;:[]}}\">\n\t\t\t\t\t<div class=\"e-con-inner\">\n\t\t\t\t<div class=\"elementor-element elementor-element-4e0a378e elementor-widget elementor-widget-heading\" data-id=\"4e0a378e\" data-element_type=\"widget\" data-e-type=\"widget\" data-widget_type=\"heading.default\">\n\t\t\t\t<div class=\"elementor-widget-container\">\n\t\t\t\t\t<h2 class=\"elementor-heading-title elementor-size-default\">3. Afgifte van fytosanitair certificaat<\/h2>\t\t\t\t<\/div>\n\t\t\t\t<\/div>\n\t\t\t\t<div class=\"elementor-element elementor-element-42b7103a elementor-widget elementor-widget-text-editor\" data-id=\"42b7103a\" data-element_type=\"widget\" data-e-type=\"widget\" data-widget_type=\"text-editor.default\">\n\t\t\t\t<div class=\"elementor-widget-container\">\n\t\t\t\t\t\t\t\t\t<p align=\"justify\"><span style=\"font-size: large;\"><span style=\"font-size: medium;\">Na het doorstaan van de inspectie wordt door de plantenziektekundige dienst een <\/span><strong><span style=\"font-size: medium;\">fytosanitair certificaat <\/span><\/strong><span style=\"font-size: medium;\">afgegeven.<\/span><\/span><\/p>\t\t\t\t\t\t\t\t<\/div>\n\t\t\t\t<\/div>\n\t\t\t\t\t<\/div>\n\t\t\t\t<\/div>\n\t\t<div class=\"elementor-element elementor-element-6eb62030 e-transform e-flex e-con-boxed elementor-invisible e-con e-child\" data-id=\"6eb62030\" data-element_type=\"container\" data-e-type=\"container\" data-settings=\"{&quot;jet_parallax_layout_list&quot;:[],&quot;animation&quot;:&quot;fadeInUp&quot;,&quot;animation_delay&quot;:600,&quot;_transform_scale_effect_hover&quot;:{&quot;unit&quot;:&quot;px&quot;,&quot;size&quot;:0.95,&quot;sizes&quot;:[]},&quot;_transform_scale_effect_hover_tablet&quot;:{&quot;unit&quot;:&quot;px&quot;,&quot;size&quot;:&quot;&quot;,&quot;sizes&quot;:[]},&quot;_transform_scale_effect_hover_mobile&quot;:{&quot;unit&quot;:&quot;px&quot;,&quot;size&quot;:&quot;&quot;,&quot;sizes&quot;:[]}}\">\n\t\t\t\t\t<div class=\"e-con-inner\">\n\t\t\t\t<div class=\"elementor-element elementor-element-282b6cf2 elementor-widget elementor-widget-heading\" data-id=\"282b6cf2\" data-element_type=\"widget\" data-e-type=\"widget\" data-widget_type=\"heading.default\">\n\t\t\t\t<div class=\"elementor-widget-container\">\n\t\t\t\t\t<h2 class=\"elementor-heading-title elementor-size-default\">4. Documenten indienen<\/h2>\t\t\t\t<\/div>\n\t\t\t\t<\/div>\n\t\t\t\t<div class=\"elementor-element elementor-element-66a92799 elementor-widget elementor-widget-text-editor\" data-id=\"66a92799\" data-element_type=\"widget\" data-e-type=\"widget\" data-widget_type=\"text-editor.default\">\n\t\t\t\t<div class=\"elementor-widget-container\">\n\t\t\t\t\t\t\t\t\t<p align=\"justify\"><span style=\"font-size: large;\"><span style=\"font-size: medium;\">Het originele certificaat wordt samen met andere vereiste documenten bij de grens bij invoer getoond.<\/span><\/span><\/p>\t\t\t\t\t\t\t\t<\/div>\n\t\t\t\t<\/div>\n\t\t\t\t\t<\/div>\n\t\t\t\t<\/div>\n\t\t<div class=\"elementor-element elementor-element-67111ee0 e-transform e-flex e-con-boxed elementor-invisible e-con e-child\" data-id=\"67111ee0\" data-element_type=\"container\" data-e-type=\"container\" data-settings=\"{&quot;jet_parallax_layout_list&quot;:[],&quot;animation&quot;:&quot;fadeInUp&quot;,&quot;animation_delay&quot;:800,&quot;_transform_scale_effect_hover&quot;:{&quot;unit&quot;:&quot;px&quot;,&quot;size&quot;:0.95,&quot;sizes&quot;:[]},&quot;_transform_scale_effect_hover_tablet&quot;:{&quot;unit&quot;:&quot;px&quot;,&quot;size&quot;:&quot;&quot;,&quot;sizes&quot;:[]},&quot;_transform_scale_effect_hover_mobile&quot;:{&quot;unit&quot;:&quot;px&quot;,&quot;size&quot;:&quot;&quot;,&quot;sizes&quot;:[]}}\">\n\t\t\t\t\t<div class=\"e-con-inner\">\n\t\t\t\t<div class=\"elementor-element elementor-element-25791391 elementor-widget elementor-widget-heading\" data-id=\"25791391\" data-element_type=\"widget\" data-e-type=\"widget\" data-widget_type=\"heading.default\">\n\t\t\t\t<div class=\"elementor-widget-container\">\n\t\t\t\t\t<h2 class=\"elementor-heading-title elementor-size-default\">5. Controle na aankomst<\/h2>\t\t\t\t<\/div>\n\t\t\t\t<\/div>\n\t\t\t\t<div class=\"elementor-element elementor-element-144c8ec7 elementor-widget elementor-widget-text-editor\" data-id=\"144c8ec7\" data-element_type=\"widget\" data-e-type=\"widget\" data-widget_type=\"text-editor.default\">\n\t\t\t\t<div class=\"elementor-widget-container\">\n\t\t\t\t\t\t\t\t\t<p align=\"justify\"><span style=\"font-size: large;\"><span style=\"font-size: medium;\">Bij aankomst in de EU kunnen lokale autoriteiten aanvullende verificaties of steekproeven uitvoeren, met name voor apparatuur die als risicovol is aangemerkt.<\/span><\/span><\/p>\t\t\t\t\t\t\t\t<\/div>\n\t\t\t\t<\/div>\n\t\t\t\t\t<\/div>\n\t\t\t\t<\/div>\n\t\t\t\t\t<\/div>\n\t\t\t\t<\/div>\n\t\t\t\t<div class=\"elementor-element elementor-element-da1b79a elementor-widget__width-initial elementor-widget elementor-widget-text-editor\" data-id=\"da1b79a\" data-element_type=\"widget\" data-e-type=\"widget\" data-widget_type=\"text-editor.default\">\n\t\t\t\t<div class=\"elementor-widget-container\">\n\t\t\t\t\t\t\t\t\t<p align=\"justify\">Onze uitgebreide logistieke oplossingen garanderen een veilig, legaal en effici\u00ebnt transport van voertuigen en machines, precies afgestemd op de unieke behoeften van elke klant.<\/p>\t\t\t\t\t\t\t\t<\/div>\n\t\t\t\t<\/div>\n\t\t\t\t\t<\/div>\n\t\t\t\t<\/div>\n\t\t<div class=\"elementor-element elementor-element-484f55ab e-flex e-con-boxed e-con e-parent\" data-id=\"484f55ab\" data-element_type=\"container\" data-e-type=\"container\" data-settings=\"{&quot;background_background&quot;:&quot;classic&quot;,&quot;jet_parallax_layout_list&quot;:[]}\">\n\t\t\t\t\t<div class=\"e-con-inner\">\n\t\t<div class=\"elementor-element elementor-element-3bad0866 e-con-full e-flex e-con e-child\" data-id=\"3bad0866\" data-element_type=\"container\" data-e-type=\"container\" data-settings=\"{&quot;jet_parallax_layout_list&quot;:[]}\">\n\t\t\t\t<div class=\"elementor-element elementor-element-1ba3a4e8 elementor-widget-divider--view-line elementor-widget elementor-widget-divider\" data-id=\"1ba3a4e8\" data-element_type=\"widget\" data-e-type=\"widget\" data-widget_type=\"divider.default\">\n\t\t\t\t<div class=\"elementor-widget-container\">\n\t\t\t\t\t\t\t<div class=\"elementor-divider\">\n\t\t\t<span class=\"elementor-divider-separator\">\n\t\t\t\t\t\t<\/span>\n\t\t<\/div>\n\t\t\t\t\t\t<\/div>\n\t\t\t\t<\/div>\n\t\t\t\t<div class=\"elementor-element elementor-element-e422c84 elementor-widget__width-initial elementor-widget elementor-widget-heading\" data-id=\"e422c84\" data-element_type=\"widget\" data-e-type=\"widget\" data-widget_type=\"heading.default\">\n\t\t\t\t<div class=\"elementor-widget-container\">\n\t\t\t\t\t<h2 class=\"elementor-heading-title elementor-size-default\">Fytosanitair certificaat: juridische en praktische overwegingen<\/h2>\t\t\t\t<\/div>\n\t\t\t\t<\/div>\n\t\t\t\t<div class=\"elementor-element elementor-element-784d7523 elementor-widget__width-initial elementor-widget elementor-widget-text-editor\" data-id=\"784d7523\" data-element_type=\"widget\" data-e-type=\"widget\" data-widget_type=\"text-editor.default\">\n\t\t\t\t<div class=\"elementor-widget-container\">\n\t\t\t\t\t\t\t\t\t<p align=\"justify\"><span style=\"font-size: large;\"><span style=\"font-size: medium;\">Het belang van een <\/span><strong><span style=\"font-size: medium;\">fytosanitair certificaat<\/span><\/strong><span style=\"font-size: medium;\"> kan niet genoeg worden benadrukt. Zonder dit certificaat komt het inklaringsproces volledig tot stilstand. Dit document certificeert niet alleen de zichtbare reinheid van de machines, maar ook de naleving van alle verplichte behandelingen tegen specifieke plagen. Het moet nauwkeurige, volledige en actuele gegevens bevatten over de apparatuur, de verzender en de aard van eventuele pesticidenbehandelingen.<\/span><\/span><\/p><p align=\"justify\"><span style=\"font-size: medium;\">Cyp Automotive Consultancy zorgt ervoor dat alle <a href=\"https:\/\/cypautomotive.com\/customs-and-documentation\/\">documentatie<\/a> in orde is door rechtstreeks offici\u00eble inspecties te regelen, snelle communicatie met buitenlandse autoriteiten te faciliteren en de authenticiteit van certificaten v\u00f3\u00f3r verzending te verifi\u00ebren. Deze aandacht voor detail voorkomt kostbare fouten en vertragingen bij EU-grenscontroleposten.<\/span><\/p>\t\t\t\t\t\t\t\t<\/div>\n\t\t\t\t<\/div>\n\t\t\t\t<div class=\"elementor-element elementor-element-3dccc46e elementor-widget-divider--view-line elementor-widget elementor-widget-divider\" data-id=\"3dccc46e\" data-element_type=\"widget\" data-e-type=\"widget\" data-widget_type=\"divider.default\">\n\t\t\t\t<div class=\"elementor-widget-container\">\n\t\t\t\t\t\t\t<div class=\"elementor-divider\">\n\t\t\t<span class=\"elementor-divider-separator\">\n\t\t\t\t\t\t<\/span>\n\t\t<\/div>\n\t\t\t\t\t\t<\/div>\n\t\t\t\t<\/div>\n\t\t\t\t<\/div>\n\t\t<div class=\"elementor-element elementor-element-41c3fd4 e-con-full e-flex e-con e-child\" data-id=\"41c3fd4\" data-element_type=\"container\" data-e-type=\"container\" data-settings=\"{&quot;jet_parallax_layout_list&quot;:[]}\">\n\t\t\t\t<div class=\"elementor-element elementor-element-39dcee8 elementor-widget__width-initial elementor-widget elementor-widget-heading\" data-id=\"39dcee8\" data-element_type=\"widget\" data-e-type=\"widget\" data-widget_type=\"heading.default\">\n\t\t\t\t<div class=\"elementor-widget-container\">\n\t\t\t\t\t<h2 class=\"elementor-heading-title elementor-size-default\">Uitgebreide douane-inklaringsdiensten<\/h2>\t\t\t\t<\/div>\n\t\t\t\t<\/div>\n\t\t\t\t<div class=\"elementor-element elementor-element-fed31bf elementor-widget__width-initial elementor-widget elementor-widget-text-editor\" data-id=\"fed31bf\" data-element_type=\"widget\" data-e-type=\"widget\" data-widget_type=\"text-editor.default\">\n\t\t\t\t<div class=\"elementor-widget-container\">\n\t\t\t\t\t\t\t\t\t<p align=\"justify\"><span style=\"font-size: large;\"><strong><span style=\"font-size: medium;\">Douane-inklaring<\/span><\/strong><span style=\"font-size: medium;\"> blijft een fundamentele pijler van het <a href=\"https:\/\/cypautomotive.com\/vehicle-import-and-export\/\">import<\/a>-\/<a href=\"https:\/\/cypautomotive.com\/vehicle-import-and-export\/\">export<\/a>proces, waarbij zowel de documentatie die nodig is voor regelgevende instanties als de fysieke vrijgave van goederen betrokken zijn. Onze ervaren douane-experts co\u00f6rdineren het volgende bij elke grensovergang:<\/span><\/span><\/p><ul><li><p align=\"justify\"><span style=\"font-size: medium;\">Controle van alle import-\/exportdocumenten, waaronder de aankoopfactuur, het registratiecertificaat (indien vereist) en de transitdocumenten.<\/span><\/p><\/li><li><p align=\"justify\"><span style=\"font-size: medium;\">Indiening van invoeraangiften in overeenstemming met de procedures van de EU en het land van bestemming.<\/span><\/p><\/li><li><p align=\"justify\"><span style=\"font-size: medium;\">Berekening en vooruitbetaling van alle tarieven, btw en accijnzen, indien van toepassing.<\/span><\/p><\/li><li><p align=\"justify\"><span style=\"font-size: medium;\">Voortdurend contact met douaneambtenaren om discrepanties of verzoeken om aanvullende documentatie proactief op te lossen.<\/span><\/p><\/li><li><p align=\"justify\"><span style=\"font-size: medium;\">Beheer van douane-inspecties, zowel routinematig als risicogericht<\/span><\/p><\/li><\/ul><p align=\"justify\"><span style=\"font-size: medium;\">Het resultaat is een naadloze, snelle doorstroming door de vaak uitdagende douaneomgeving. In eenvoudige gevallen waarin alle documentatie is voorbereid, kan <strong>de douaneafhandeling<\/strong> vaak in slechts \u00e9\u00e9n werkdag worden voltooid. In complexe gevallen waarbij meerdere jurisdicties, specifieke inspecties of uitzonderlijke wettelijke eisen betrokken zijn, kan de doorlooptijd echter langer zijn. <\/span><\/p><p align=\"justify\"><span style=\"font-size: medium;\">Navigeren door het veranderende landschap van internationale logistiek hoeft niet langer een hele opgave te zijn. Vertrouw op het team van experts van Cyp Automotive Consultancy voor betrouwbare <strong>fytosanitaire inklaring van machines<\/strong>, snelle <strong>douane-inklaring<\/strong> en naadloze ondersteuning bij elk aspect van uw voertuigimport- of exportproces. Neem vandaag nog contact met ons op voor een adviesgesprek en vervoer uw volgende zending met volledig vertrouwen. <\/span><\/p>\t\t\t\t\t\t\t\t<\/div>\n\t\t\t\t<\/div>\n\t\t\t\t<div class=\"elementor-element elementor-element-4be32e7 elementor-widget-divider--view-line elementor-widget elementor-widget-divider\" data-id=\"4be32e7\" data-element_type=\"widget\" data-e-type=\"widget\" data-widget_type=\"divider.default\">\n\t\t\t\t<div class=\"elementor-widget-container\">\n\t\t\t\t\t\t\t<div class=\"elementor-divider\">\n\t\t\t<span class=\"elementor-divider-separator\">\n\t\t\t\t\t\t<\/span>\n\t\t<\/div>\n\t\t\t\t\t\t<\/div>\n\t\t\t\t<\/div>\n\t\t\t\t<\/div>\n\t\t\t\t\t<\/div>\n\t\t\t\t<\/div>\n\t\t\t\t<\/div>\n\t\t","protected":false},"excerpt":{"rendered":"<p>Fytosanitaire goedkeuring van machines Bij Cyp Automotive Consultancy zijn wij gespecialiseerd in het ondersteunen van klanten bij alle aspecten van internationale en Europese voertuiglogistiek. Een van onze belangrijkste dienstverleningsgebieden is de fytosanitaire inklaring van machines, in combinatie met zeer effici\u00ebnte douane-inklaringsprocessen. Nu de regelgeving in heel Europa steeds strenger wordt, is het van cruciaal belang [&hellip;]<\/p>\n","protected":false},"author":1,"featured_media":0,"parent":0,"menu_order":0,"comment_status":"closed","ping_status":"closed","template":"","meta":{"footnotes":""},"class_list":["post-2035","page","type-page","status-publish","hentry"],"_links":{"self":[{"href":"https:\/\/cypautomotive.com\/nl\/wp-json\/wp\/v2\/pages\/2035","targetHints":{"allow":["GET"]}}],"collection":[{"href":"https:\/\/cypautomotive.com\/nl\/wp-json\/wp\/v2\/pages"}],"about":[{"href":"https:\/\/cypautomotive.com\/nl\/wp-json\/wp\/v2\/types\/page"}],"author":[{"embeddable":true,"href":"https:\/\/cypautomotive.com\/nl\/wp-json\/wp\/v2\/users\/1"}],"replies":[{"embeddable":true,"href":"https:\/\/cypautomotive.com\/nl\/wp-json\/wp\/v2\/comments?post=2035"}],"version-history":[{"count":8,"href":"https:\/\/cypautomotive.com\/nl\/wp-json\/wp\/v2\/pages\/2035\/revisions"}],"predecessor-version":[{"id":2414,"href":"https:\/\/cypautomotive.com\/nl\/wp-json\/wp\/v2\/pages\/2035\/revisions\/2414"}],"wp:attachment":[{"href":"https:\/\/cypautomotive.com\/nl\/wp-json\/wp\/v2\/media?parent=2035"}],"curies":[{"name":"wp","href":"https:\/\/api.w.org\/{rel}","templated":true}]}}